{"id":487,"date":"2025-05-21T16:29:32","date_gmt":"2025-05-21T16:29:32","guid":{"rendered":"https:\/\/t-kissen.com\/?page_id=487"},"modified":"2025-05-21T16:46:52","modified_gmt":"2025-05-21T16:46:52","slug":"rueckerstattung_rueckgaben","status":"publish","type":"page","link":"https:\/\/t-kissen.com\/?page_id=487","title":{"rendered":"Retoure"},"content":{"rendered":"\n<p>Kissen sind Hygieneartikel und wir bieten im Rahmen des Widerrufrechts eine begrenzte R\u00fcckgabe- und R\u00fcckerstattungsrichtlinie an. Unge\u00f6ffnete Kissen  k\u00f6nnen innerhalb von 14 Tagen nach dem Kauf zur\u00fcckgesandt werden, um eine volle R\u00fcckerstattung zu erhalten. <strong>Gebrauchte oder ge\u00f6ffnete Kissen sind von der R\u00fcckgabe ausgeschlossen<\/strong>!<\/p>\n\n\n\n<p>Um eine R\u00fccksendung vorzunehmen, senden Sie uns bitte eine Widerruf E-Mail mit Bestellnummer an info@t-kissen.com. Die unge\u00f6ffnete Ware wird mit Frachtkosten zu Ihren Lasten an folgende Lieferadresse geschickt:<\/p>\n\n\n\n<div class=\"wp-block-group is-horizontal is-content-justification-center is-layout-flex wp-container-core-group-is-layout-ddb39544 wp-block-group-is-layout-flex\">\n<p><em>Petra Mahl<\/em><\/p>\n\n\n\n<p><em>Schneefernerstra\u00dfe 8b<\/em><\/p>\n\n\n\n<p><em>86163 Augsburg<\/em><\/p>\n<\/div>\n\n\n\n<p>Sobald wir innerhalb der 14 Tages Frist die R\u00fccksendung erhalten haben, rechnen Sie bitte mit 3-5 Werktagen Bearbeitungszeit. Wenn die R\u00fccksendung akzeptiert wird, dauert es ca. 3-5 Werktage, bis der R\u00fcckbestattungsbetrag auf die urspr\u00fcngliche Zahlungsmethode gutgeschrieben wird.\u201c<\/p>\n\n\n\n<p><\/p>\n\n\n\n<p><\/p>\n","protected":false},"excerpt":{"rendered":"<p>Kissen sind Hygieneartikel und wir bieten im Rahmen des Widerrufrechts eine begrenzte R\u00fcckgabe- und R\u00fcckerstattungsrichtlinie an. Unge\u00f6ffnete Kissen k\u00f6nnen innerhalb von 14 Tagen nach dem Kauf zur\u00fcckgesandt werden, um eine [&hellip;]<\/p>\n","protected":false},"author":1,"featured_media":0,"parent":0,"menu_order":0,"comment_status":"closed","ping_status":"closed","template":"","meta":{"footnotes":""},"class_list":["post-487","page","type-page","status-publish","czr-hentry"],"jetpack_sharing_enabled":true,"_links":{"self":[{"href":"https:\/\/t-kissen.com\/index.php?rest_route=\/wp\/v2\/pages\/487","targetHints":{"allow":["GET"]}}],"collection":[{"href":"https:\/\/t-kissen.com\/index.php?rest_route=\/wp\/v2\/pages"}],"about":[{"href":"https:\/\/t-kissen.com\/index.php?rest_route=\/wp\/v2\/types\/page"}],"author":[{"embeddable":true,"href":"https:\/\/t-kissen.com\/index.php?rest_route=\/wp\/v2\/users\/1"}],"replies":[{"embeddable":true,"href":"https:\/\/t-kissen.com\/index.php?rest_route=%2Fwp%2Fv2%2Fcomments&post=487"}],"version-history":[{"count":4,"href":"https:\/\/t-kissen.com\/index.php?rest_route=\/wp\/v2\/pages\/487\/revisions"}],"predecessor-version":[{"id":611,"href":"https:\/\/t-kissen.com\/index.php?rest_route=\/wp\/v2\/pages\/487\/revisions\/611"}],"wp:attachment":[{"href":"https:\/\/t-kissen.com\/index.php?rest_route=%2Fwp%2Fv2%2Fmedia&parent=487"}],"curies":[{"name":"wp","href":"https:\/\/api.w.org\/{rel}","templated":true}]}}